{"id":5,"date":"2011-01-11T22:24:40","date_gmt":"2011-01-11T22:24:40","guid":{"rendered":"http:\/\/www.virginiethunus.be\/?page_id=5"},"modified":"2023-02-03T09:52:54","modified_gmt":"2023-02-03T09:52:54","slug":"parcours","status":"publish","type":"page","link":"https:\/\/www.virginiethunus.be\/?page_id=5","title":{"rendered":"Parcours"},"content":{"rendered":"<p>Psychologue, j&rsquo;ai obtenu mon dipl\u00f4me \u00e0 l\u2019Universit\u00e9 Libre de Bruxelles en 2002. J&rsquo;ai travaill\u00e9 au Centre hospitalier Jean TITECA (traitement de la psychiatrie lourde) autant dans une unit\u00e9 pour adolescents d\u00e9linquants connaissant des troubles du comportement ainsi que psychiatriques que dans une unit\u00e9 d&rsquo;hommes adultes ferm\u00e9e.<\/p>\n<p><strong>Depuis 2005 j\u2019ai une consultation priv\u00e9e \u00e0 Bruxelles et Waterloo.<\/strong><\/p>\n<p>Je dispose d\u2019une exp\u00e9rience dans la prise en charge des personnes en souffrances, en recherche d\u2019un mieux \u00eatre. Mon travail en tant qu\u2019intervenante et th\u00e9rapeute me permet d\u2019appr\u00e9hender la r\u00e9alit\u00e9 de l&rsquo;individu en difficult\u00e9 dans ce qu\u2019elle a de plus complexe.<\/p>\n<p><strong>Depuis 2013 Membre ABEX (Association Belge des Experts)<\/strong><\/p>\n<p><strong>Soucieuse d\u2019enrichir mon exp\u00e9rience professionnelle, j\u2019ai r\u00e9alis\u00e9 diverses formations:<\/strong><\/p>\n<ul>\n<li><strong>le psychodrame<\/strong>, qui me permet la gestion de groupe et l\u2019utilisation de jeux de r\u00f4les th\u00e9rapeutiques ;<\/li>\n<li><strong>la th\u00e9rapie syst\u00e9mique br\u00e8ve<\/strong> qui est centr\u00e9e sur la d\u00e9termination clair du comportement qui pose probl\u00e8me et empoisonne la vie ;<\/li>\n<li><strong>la th\u00e9rapie Orient\u00e9e Solution<\/strong> ;<\/li>\n<li><strong>la Communication Non Violente<\/strong> ;<\/li>\n<li><strong>le d\u00e9veloppement de son leadership personnel;<\/strong><\/li>\n<li><strong>formation \u00e0 l&rsquo;expertise judiciaire.<\/strong><\/li>\n<li><strong>Formation en Th\u00e9rapie Cognitivo-Comportementale de l&rsquo;Insomnie (TCCI)<\/strong><\/li>\n<li><strong>Formation \u00e0 l&rsquo;HyperAcademy<\/strong><\/li>\n<\/ul>\n<p><strong>J\u2019\u00e9cris et participe \u00e0 l\u2019\u00e9criture d\u2019articles :<\/strong><\/p>\n<ul>\n<li>Vivre avec une personne d\u00e9pendante. Comment passer de l\u2019\u00e9tat de sauveur \u00e0 celui d\u2019aidant? (Psy.be) ;<\/li>\n<li>Dans le magazine Femmes d\u2019Aujourd\u2019hui, concernant le love coaching ainsi que les remords et les regrets;<\/li>\n<li>Dans le magazine T\u00e9l\u00e9moustique, concernant une enqu\u00eate faite aupr\u00e8s des hommes;<\/li>\n<li>Aupr\u00e8s du groupe Sud Presse, concernant le coaching pour rencontrer un partenaire ;<\/li>\n<\/ul>\n<p><strong>J\u2019interviens r\u00e9guli\u00e8rement sur les ondes :<\/strong><\/p>\n<ul>\n<li><strong>Vivacit\u00e9<\/strong>, \u2018\u2019Appelez, on est l\u00e0\u2019\u2019;<\/li>\n<li><strong>La Premi\u00e8re<\/strong>, \u2018\u2019Cocktail\u2019\u2019;<\/li>\n<li><strong>Radio Juda\u00efca<\/strong>, \u2018\u2019Rencontre\u2019\u2019 ;<\/li>\n<li><strong>BelRTL <\/strong>\u2018\u2019Vivre Ensemble\u2019\u2019, \u00ab\u00a0BelRtl va vous aider\u00a0\u00bb, \u00ab\u00a0Faut qu&rsquo;on en parle\u00a0\u00bb.<\/li>\n<\/ul>\n","protected":false},"excerpt":{"rendered":"<p>Psychologue, j&rsquo;ai obtenu mon dipl\u00f4me \u00e0 l\u2019Universit\u00e9 Libre de Bruxelles en 2002. J&rsquo;ai travaill\u00e9 au Centre hospitalier Jean TITECA (traitement de la psychiatrie lourde) autant dans une unit\u00e9 pour adolescents d\u00e9linquants connaissant des troubles du comportement ainsi que psychiatriques que dans une unit\u00e9 d&rsquo;hommes adultes ferm\u00e9e. Depuis 2005 j\u2019ai une consultation priv\u00e9e \u00e0 Bruxelles et Waterloo. Je dispose d\u2019une exp\u00e9rience dans la prise en charge des personnes en souffrances, en recherche d\u2019un mieux \u00eatre. Mon travail en tant qu\u2019intervenante et&#8230;<\/p>\n<p class=\"read-more\"><a class=\"btn btn-default\" href=\"https:\/\/www.virginiethunus.be\/?page_id=5\">Lire la suite<span class=\"screen-reader-text\"> Lire la suite<\/span><\/a><\/p>\n","protected":false},"author":1,"featured_media":0,"parent":0,"menu_order":0,"comment_status":"closed","ping_status":"closed","template":"","meta":{"footnotes":""},"class_list":["post-5","page","type-page","status-publish","hentry"],"_links":{"self":[{"href":"https:\/\/www.virginiethunus.be\/index.php?rest_route=\/wp\/v2\/pages\/5","targetHints":{"allow":["GET"]}}],"collection":[{"href":"https:\/\/www.virginiethunus.be\/index.php?rest_route=\/wp\/v2\/pages"}],"about":[{"href":"https:\/\/www.virginiethunus.be\/index.php?rest_route=\/wp\/v2\/types\/page"}],"author":[{"embeddable":true,"href":"https:\/\/www.virginiethunus.be\/index.php?rest_route=\/wp\/v2\/users\/1"}],"replies":[{"embeddable":true,"href":"https:\/\/www.virginiethunus.be\/index.php?rest_route=%2Fwp%2Fv2%2Fcomments&post=5"}],"version-history":[{"count":5,"href":"https:\/\/www.virginiethunus.be\/index.php?rest_route=\/wp\/v2\/pages\/5\/revisions"}],"predecessor-version":[{"id":751,"href":"https:\/\/www.virginiethunus.be\/index.php?rest_route=\/wp\/v2\/pages\/5\/revisions\/751"}],"wp:attachment":[{"href":"https:\/\/www.virginiethunus.be\/index.php?rest_route=%2Fwp%2Fv2%2Fmedia&parent=5"}],"curies":[{"name":"wp","href":"https:\/\/api.w.org\/{rel}","templated":true}]}}