{"id":136,"date":"2011-01-23T17:57:06","date_gmt":"2011-01-23T17:57:06","guid":{"rendered":"http:\/\/www.virginiethunus.be\/?page_id=136"},"modified":"2025-12-25T14:40:19","modified_gmt":"2025-12-25T14:40:19","slug":"home","status":"publish","type":"page","link":"https:\/\/www.virginiethunus.be\/","title":{"rendered":"Psychologue Syst\u00e9mique Bref"},"content":{"rendered":"<p>L\u2019objectif de ma pratique est de mettre en \u00e9vidence les ressources et comp\u00e9tences de l\u2019individu au service d\u2019un changement, m\u00eame minime, qui permet d\u2019\u00e9voluer dans le sens qu\u2019il a choisi.<\/p>\n<p>La th\u00e9rapie que je dispense est ax\u00e9e essentiellement sur les croyances\/loyaut\u00e9s qui nous font recommencer les m\u00eames sch\u00e9mas enfermant, ainsi que les habitudes qui les accompagnent.<\/p>\n<p><strong><span style=\"color: #800080;\">Pour qui:<\/span><\/strong> adolescents, adultes, couples (adultes, parent \/ado).<\/p>\n<p><strong><span style=\"color: #800080;\">Pour quoi:<\/span><\/strong> Lib\u00e9ration des d\u00e9pendances (cigarettes, cannabis, alcool, jeux de hasard, cyberd\u00e9pendance), Phobies, Troubles du comportement alimentaire (anorexie, boulimie, hyperphagie), Probl\u00e8me de poids, D\u00e9pression, Probl\u00e8mes relationnels (crise, conflit, harc\u00e8lement et d\u00e9pendance affective), Trouble du sommeil, D\u00e9crochage scolaire, Coaching parental.<\/p>\n<p><strong><span style=\"color: #800080;\">Intervention en Entreprise:<br \/>\n<\/span><\/strong><br \/>\n<strong>&#8211; Objectif<\/strong>: <strong>d\u00e9velopper l&rsquo;efficacit\u00e9 <\/strong>des personnes au travail en\u00a0intervenant\u00a0sur les pr\u00e9occupations invalidantes, les comp\u00e9tences relationnelles, stress, burn-out, la reconnaissance, l&rsquo;apprentissage d&rsquo;une communication plus fluide;<br \/>\n<strong>&#8211; Comment<\/strong>: sous forme de permanences au sein de l&rsquo;entreprise\u00a0et d&rsquo;interventions en cas de crise;<br \/>\n<strong>&#8211;<\/strong> <strong>Pourquoi<\/strong>: Parce qu&rsquo;une personne sereine et \u00e9quilibr\u00e9e est plus motiv\u00e9e, pr\u00e9sente \u00e0 sa t\u00e2che et efficiente.<\/p>\n<p><span style=\"color: #800080;\"><strong>Comment:<\/strong> <\/span>mon intervention se fait sur le mod\u00e8le strat\u00e9gique de PALO ALTO, c&rsquo;est une m\u00e9thode de r\u00e9solution de probl\u00e8mes et une th\u00e9rapie du changement. L&rsquo;intervention se fait autant au niveau du comportement qu&rsquo;au niveau du psychisme de l&rsquo;individu et de son entourage. Elle vise \u00e9galement, \u00e0 la diminution la plus rapide, la plus compl\u00e8te et la plus durable possible de la souffrance et ce de la fa\u00e7on la moins envahissante qui soit.<\/p>\n<p><span style=\"color: #800080;\"><strong>Contrat th\u00e9rapeutique:<\/strong> <\/span>la psychoth\u00e9rapie se d\u00e9roule sur une base de 5 s\u00e9ances. Si l&rsquo;\u00e9volution est positive \u00e0 l&rsquo;issue des 5 premi\u00e8res s\u00e9ances le traitement peut se prolonger le temps n\u00e9cessaire.<br \/>\nR\u00e9f\u00e9rences th\u00e9oriques: Y. Doutrelugne, G. Nardone, P. Watzlavick.<\/p>\n<p style=\"padding-top: 20px;\"><strong><span style=\"font-size: xx-large;\"><span style=\"color: #73197a;\">Les Chroniques de Madame T.<\/span><\/span><\/strong><\/p>\n<p><hr\/><b><a href=\"https:\/\/www.virginiethunus.be\/?p=650\" style=\"color=#800080;\">Du mensonge \u00e0 la mythomanie<\/a><\/b> - Oct-2015<br\/>Ch\u00e8re th\u00e9rapeute\u00a0:\r\n\u00ab\u00a0Le mensonge est-il bien ou mal\u00a0? Quelque fois il para\u00eet bon de ne pas tout dire, est-ce un mensonge et cela peut-il \u00eatre consid\u00e9r\u00e9 comme une bonne chose\u00a0?\u00a0\u00bb\r\nSurtout ne vous inqui\u00e9tez pas vous n\u2019\u00eates pas seul(e)\r\nEntre une<hr\/><b><a href=\"https:\/\/www.virginiethunus.be\/?p=648\" style=\"color=#800080;\">L&#039;altruisme, g\u00e9n\u00e9rateur de bonheur<\/a><\/b> - Juin-2015<br\/>\u00abCh\u00e8re th\u00e9rapeute, je me sens tout(e) petit(e) face aux autres, j'ai la sensation de ne rien\u00a0pouvoir faire seul(e)\u2026\u00bb\r\n&nbsp;\r\n\u00abSurtout ne vous inqui\u00e9tez pas, vous n\u2019\u00eates pas seul(e).\u00bb\r\n&nbsp;\r\n\r\nLa solidarit\u00e9, le don, l\u2019altruisme sont des fondements <hr\/><b><a href=\"https:\/\/www.virginiethunus.be\/?p=644\" style=\"color=#800080;\">Moi susceptible,...JAMAIS!<\/a><\/b> - Mai-2015<br\/>&nbsp;\r\n\r\n\u00ab\u00a0Ch\u00e8re th\u00e9rapeute, on me dit souvent que je n\u2019accepte pas les remarques, suis-je oblig\u00e9(e) de tout accepter\u00a0?\u00a0\u00bb\r\n\r\n&nbsp;\r\nSurtout ne vous inqui\u00e9tez pas vous n\u2019\u00eates pas seul(e)\r\n&nbsp;\r\n\r\nLe fait de recevoir difficilement les critiques<hr\/><b><a href=\"https:\/\/www.virginiethunus.be\/?p=638\" style=\"color=#800080;\">Le malade imaginaire<\/a><\/b> - Mar-2015<br\/>Ch\u00e8re th\u00e9rapeute\u00a0:\r\n\r\n\u00ab\u00a0Personne ne trouve l\u2019origine de mon mal, ma souffrance agace mon entourage, je ne sais plus quoi faire\u2026\u00a0\u00bb\r\n\r\n&nbsp;\r\nSurtout ne vous inqui\u00e9tez pas, vous n\u2019\u00eates pas seul\r\n&nbsp;\r\n\r\nLe corps vient souvent nous exprimer quelque<hr\/><b><a href=\"https:\/\/www.virginiethunus.be\/?p=625\" style=\"color=#800080;\">De la m\u00e9sestime de soi \u00e0 l&#039;acquisition de sa valeur<\/a><\/b> - D\u00e9c-2014<br\/>Ch\u00e8re Th\u00e9rapeute\u00a0:\r\n\r\n\u00ab\u00a0Je me sens nul(le), bon(ne) \u00e0 rien et inf\u00e9rieur aux autres\u2026\u00a0\u00bb\r\n\r\n&nbsp;\r\nSurtout ne vous inqui\u00e9tez pas, vous n\u2019\u00eates pas seul(e).\r\n&nbsp;\r\n\r\nMalheureusement, ce sont des r\u00e9flexions forts r\u00e9pandues et tenaces. Il n\u2019est pas<hr\/><b><a href=\"https:\/\/www.virginiethunus.be\/?p=604\" style=\"color=#800080;\">Les agacements conjugaux<\/a><\/b> - Oct-2014<br\/>Ch\u00e8re Th\u00e9rapeute\u00a0:\r\n\r\n\u00ab\u00a0J\u2019ai la sensation que mon conjoint fait tout pour qu\u2019on se dispute, si ce n\u2019est pas les chaussures qu\u2019il laisse tra\u00eener, il me fait des remarques quant \u00e0 la vaisselle qui n\u2019est pas rang\u00e9 correctement\u2026\u00a0\u00bb\r\n\u00a0\u00a0\u00a0\u00a0\u00a0 Surtout ne vous <hr\/><b><a href=\"https:\/\/www.virginiethunus.be\/?p=594\" style=\"color=#800080;\">La relation \u00e0 la nourriture<\/a><\/b> - Oct-2014<br\/>Ch\u00e8re th\u00e9rapeute\u00a0:\r\n\r\n\u00ab\u00a0Je ne m\u2019en sors pas avec mon alimentation, pourtant j\u2019ai essay\u00e9 beaucoup de r\u00e9gimes, le poids l\u2019emporte toujours\u00a0\u00bb.\r\n\r\n&nbsp;\r\nSurtout ne vous inqui\u00e9tez pas, vous n\u2019\u00eates seul(e).\r\n&nbsp;\r\n\r\nDe nos jours, le lien \u00e0 la<hr\/><b><a href=\"https:\/\/www.virginiethunus.be\/?p=580\" style=\"color=#800080;\">La Fixeur, le Fan, le Sosie et le Fanopathe.<\/a><\/b> - Juin-2014<br\/>Ch\u00e8re th\u00e9rapeute\u00a0:\r\n\r\n\u00ab\u00a0Depuis quelques temps je m\u2019interroge sur le comportement d\u2019un proche, j\u2019ai la sensation que cette personne devient mon clone. Cela a commenc\u00e9 avec le m\u00eame parfum, puis le m\u00eame genre vestimentaire, etc\u2026 Suis-je<hr\/><\/p>\n","protected":false},"excerpt":{"rendered":"<p>L\u2019objectif de ma pratique est de mettre en \u00e9vidence les ressources et comp\u00e9tences de l\u2019individu au service d\u2019un changement, m\u00eame minime, qui permet d\u2019\u00e9voluer dans le sens qu\u2019il a choisi. La th\u00e9rapie que je dispense est ax\u00e9e essentiellement sur les croyances\/loyaut\u00e9s qui nous font recommencer les m\u00eames sch\u00e9mas enfermant, ainsi que les habitudes qui les accompagnent. Pour qui: adolescents, adultes, couples (adultes, parent \/ado). Pour quoi: Lib\u00e9ration des d\u00e9pendances (cigarettes, cannabis, alcool, jeux de hasard, cyberd\u00e9pendance), Phobies, Troubles du comportement&#8230;<\/p>\n<p class=\"read-more\"><a class=\"btn btn-default\" href=\"https:\/\/www.virginiethunus.be\/?p=580\">Lire la suite<span class=\"screen-reader-text\"> Lire la suite<\/span><\/a><\/p>\n","protected":false},"author":1,"featured_media":0,"parent":0,"menu_order":0,"comment_status":"closed","ping_status":"closed","template":"","meta":{"footnotes":""},"class_list":["post-136","page","type-page","status-publish","hentry"],"_links":{"self":[{"href":"https:\/\/www.virginiethunus.be\/index.php?rest_route=\/wp\/v2\/pages\/136","targetHints":{"allow":["GET"]}}],"collection":[{"href":"https:\/\/www.virginiethunus.be\/index.php?rest_route=\/wp\/v2\/pages"}],"about":[{"href":"https:\/\/www.virginiethunus.be\/index.php?rest_route=\/wp\/v2\/types\/page"}],"author":[{"embeddable":true,"href":"https:\/\/www.virginiethunus.be\/index.php?rest_route=\/wp\/v2\/users\/1"}],"replies":[{"embeddable":true,"href":"https:\/\/www.virginiethunus.be\/index.php?rest_route=%2Fwp%2Fv2%2Fcomments&post=136"}],"version-history":[{"count":4,"href":"https:\/\/www.virginiethunus.be\/index.php?rest_route=\/wp\/v2\/pages\/136\/revisions"}],"predecessor-version":[{"id":712,"href":"https:\/\/www.virginiethunus.be\/index.php?rest_route=\/wp\/v2\/pages\/136\/revisions\/712"}],"wp:attachment":[{"href":"https:\/\/www.virginiethunus.be\/index.php?rest_route=%2Fwp%2Fv2%2Fmedia&parent=136"}],"curies":[{"name":"wp","href":"https:\/\/api.w.org\/{rel}","templated":true}]}}